{"id":91,"date":"2024-05-02T11:03:24","date_gmt":"2024-05-02T09:03:24","guid":{"rendered":"https:\/\/ateliermagda.fr\/?page_id=91"},"modified":"2024-05-07T09:39:28","modified_gmt":"2024-05-07T07:39:28","slug":"a-propos","status":"publish","type":"page","link":"https:\/\/ateliermagda.fr\/index.php\/a-propos\/","title":{"rendered":"A propos"},"content":{"rendered":"\n<p>Le sur mesure, comment cela se passe&nbsp;?<\/p>\n\n\n\n<p>Nous allons travailler ensemble&nbsp;! Et oui le sur mesure c\u2019est avant tout un travail d\u2019\u00e9quipe entre la cr\u00e9atrice et la future mari\u00e9e afin d\u2019avoir au final un mod\u00e8le UNIQUE, \u00e0 VOTRE image.<\/p>\n\n\n\n<p>Nous allons nous voir souvent (au moins 5 fois\u00a0!) et vous pourrez suivre l\u2019\u00e9volution de votre robe lors de chaque rendez-vous.<\/p>\n\n\n\n<p>Nos rencontres se passent le plus souvent \u00e0 votre domicile, pour un moment plus cosy et d\u00e9tendant, loin du stress des essayages en boutique classique.<\/p>\n\n\n\n<p>Voici les diff\u00e9rentes \u00e9tapes de la cr\u00e9ation sur mesure&nbsp;:<\/p>\n\n\n\n<ul class=\"wp-block-list\">\n<li>1<sup>er<\/sup> rdv&nbsp;: \u00e9change entre la cr\u00e9atrice et la future mari\u00e9e<\/li>\n<\/ul>\n\n\n\n<p>Nous allons parler de vous, de vos envies, de votre style, de mati\u00e8res textiles et de votre budget. Au fur et \u00e0 mesure de la conversation, je vous proposerai un dessin selon les crit\u00e8res \u00e9mis. Ensuite nous proc\u00e8derons \u00e0 la prise de mesures et nous fixerons le prochain rendez-vous.<\/p>\n\n\n\n<p>Apr\u00e8s validation du devis, je m\u2019att\u00e8le au patronage puis \u00e0 la coupe des patrons sur une toile afin de confectionner un prototype.<\/p>\n\n\n\n<ul class=\"wp-block-list\">\n<li>2 \u00e8me rdv&nbsp;: essayage du prototype. <\/li>\n<\/ul>\n\n\n\n<p>Nous verrons ensemble quelles modifications il faut apporter.<\/p>\n\n\n\n<p>Nous validerons les tissus d\u2019apr\u00e8s des \u00e9chantillons.<\/p>\n\n\n\n<p>Mon travail consistera ensuite \u00e0 modifier le patron ainsi que le prototype mais aussi \u00e0 commander les tissus.<\/p>\n\n\n\n<ul class=\"wp-block-list\">\n<li>3 \u00e8me rdv&nbsp;: essayage du prototype modifi\u00e9.<\/li>\n<\/ul>\n\n\n\n<p>Une fois le prototype valid\u00e9, je place, coupe et couds la robe dans les tissus s\u00e9lectionn\u00e9s.<\/p>\n\n\n\n<ul class=\"wp-block-list\">\n<li>4 \u00e8me rdv&nbsp;: essayage de la robe avec les chaussures de la future mari\u00e9e, et mise au point des finitions.<\/li>\n<\/ul>\n\n\n\n<p>Je me lance dans la derni\u00e8re ligne droite&nbsp;: les finitions (ourlets, pose de boutons, etc).<\/p>\n\n\n\n<ul class=\"wp-block-list\">\n<li>5 \u00e8me rdv&nbsp;: livraison de votre robe&nbsp;!<\/li>\n<\/ul>\n","protected":false},"excerpt":{"rendered":"<p>Le sur mesure, comment cela se passe&nbsp;? Nous allons travailler ensemble&nbsp;! Et oui le sur mesure c\u2019est avant tout un travail d\u2019\u00e9quipe entre la cr\u00e9atrice et la future mari\u00e9e afin d\u2019avoir au final un mod\u00e8le UNIQUE, \u00e0 VOTRE image. Nous allons nous voir souvent (au moins 5 fois\u00a0!) et vous [&hellip;]<\/p>\n","protected":false},"author":1,"featured_media":0,"parent":0,"menu_order":0,"comment_status":"closed","ping_status":"closed","template":"","meta":{"_themeisle_gutenberg_block_has_review":false,"footnotes":""},"class_list":["post-91","page","type-page","status-publish","hentry"],"yoast_head":"<!-- This site is optimized with the Yoast SEO plugin v22.6 - https:\/\/yoast.com\/wordpress\/plugins\/seo\/ -->\n<title>A propos - Atelier Magda<\/title>\n<meta name=\"robots\" content=\"index, follow, max-snippet:-1, max-image-preview:large, max-video-preview:-1\" \/>\n<link rel=\"canonical\" href=\"https:\/\/ateliermagda.fr\/index.php\/a-propos\/\" \/>\n<meta property=\"og:locale\" content=\"fr_FR\" \/>\n<meta property=\"og:type\" content=\"article\" \/>\n<meta property=\"og:title\" content=\"A propos - Atelier Magda\" \/>\n<meta property=\"og:description\" content=\"Le sur mesure, comment cela se passe&nbsp;? Nous allons travailler ensemble&nbsp;! Et oui le sur mesure c\u2019est avant tout un travail d\u2019\u00e9quipe entre la cr\u00e9atrice et la future mari\u00e9e afin d\u2019avoir au final un mod\u00e8le UNIQUE, \u00e0 VOTRE image. Nous allons nous voir souvent (au moins 5 fois\u00a0!) et vous [&hellip;]\" \/>\n<meta property=\"og:url\" content=\"https:\/\/ateliermagda.fr\/index.php\/a-propos\/\" \/>\n<meta property=\"og:site_name\" content=\"Atelier Magda\" \/>\n<meta property=\"article:modified_time\" content=\"2024-05-07T07:39:28+00:00\" \/>\n<meta name=\"twitter:card\" content=\"summary_large_image\" \/>\n<meta name=\"twitter:label1\" content=\"Dur\u00e9e de lecture estim\u00e9e\" \/>\n\t<meta name=\"twitter:data1\" content=\"2 minutes\" \/>\n<script type=\"application\/ld+json\" class=\"yoast-schema-graph\">{\"@context\":\"https:\/\/schema.org\",\"@graph\":[{\"@type\":\"WebPage\",\"@id\":\"https:\/\/ateliermagda.fr\/index.php\/a-propos\/\",\"url\":\"https:\/\/ateliermagda.fr\/index.php\/a-propos\/\",\"name\":\"A propos - Atelier Magda\",\"isPartOf\":{\"@id\":\"https:\/\/ateliermagda.fr\/#website\"},\"datePublished\":\"2024-05-02T09:03:24+00:00\",\"dateModified\":\"2024-05-07T07:39:28+00:00\",\"breadcrumb\":{\"@id\":\"https:\/\/ateliermagda.fr\/index.php\/a-propos\/#breadcrumb\"},\"inLanguage\":\"fr-FR\",\"potentialAction\":[{\"@type\":\"ReadAction\",\"target\":[\"https:\/\/ateliermagda.fr\/index.php\/a-propos\/\"]}]},{\"@type\":\"BreadcrumbList\",\"@id\":\"https:\/\/ateliermagda.fr\/index.php\/a-propos\/#breadcrumb\",\"itemListElement\":[{\"@type\":\"ListItem\",\"position\":1,\"name\":\"Accueil\",\"item\":\"https:\/\/ateliermagda.fr\/\"},{\"@type\":\"ListItem\",\"position\":2,\"name\":\"A propos\"}]},{\"@type\":\"WebSite\",\"@id\":\"https:\/\/ateliermagda.fr\/#website\",\"url\":\"https:\/\/ateliermagda.fr\/\",\"name\":\"Atelier Magda - Cr\u00e9atrice de robes de mari\u00e9es et de soir\u00e9es \u00e0 Vitr\u00e9 en Bretagne\",\"description\":\"Cr\u00e9atrice de robes de mari\u00e9es et de soir\u00e9es \u2013 Vitr\u00e9 (Bretagne)\",\"publisher\":{\"@id\":\"https:\/\/ateliermagda.fr\/#organization\"},\"potentialAction\":[{\"@type\":\"SearchAction\",\"target\":{\"@type\":\"EntryPoint\",\"urlTemplate\":\"https:\/\/ateliermagda.fr\/?s={search_term_string}\"},\"query-input\":\"required name=search_term_string\"}],\"inLanguage\":\"fr-FR\"},{\"@type\":\"Organization\",\"@id\":\"https:\/\/ateliermagda.fr\/#organization\",\"name\":\"Atelier Magda\",\"url\":\"https:\/\/ateliermagda.fr\/\",\"logo\":{\"@type\":\"ImageObject\",\"inLanguage\":\"fr-FR\",\"@id\":\"https:\/\/ateliermagda.fr\/#\/schema\/logo\/image\/\",\"url\":\"https:\/\/ateliermagda.fr\/wp-content\/uploads\/2024\/04\/LOGO-MAGDA-100.jpg\",\"contentUrl\":\"https:\/\/ateliermagda.fr\/wp-content\/uploads\/2024\/04\/LOGO-MAGDA-100.jpg\",\"width\":851,\"height\":851,\"caption\":\"Atelier Magda\"},\"image\":{\"@id\":\"https:\/\/ateliermagda.fr\/#\/schema\/logo\/image\/\"},\"sameAs\":[\"https:\/\/www.instagram.com\/atelier_magda_vitre\/\"]}]}<\/script>\n<!-- \/ Yoast SEO plugin. -->","yoast_head_json":{"title":"A propos - Atelier Magda","robots":{"index":"index","follow":"follow","max-snippet":"max-snippet:-1","max-image-preview":"max-image-preview:large","max-video-preview":"max-video-preview:-1"},"canonical":"https:\/\/ateliermagda.fr\/index.php\/a-propos\/","og_locale":"fr_FR","og_type":"article","og_title":"A propos - Atelier Magda","og_description":"Le sur mesure, comment cela se passe&nbsp;? Nous allons travailler ensemble&nbsp;! Et oui le sur mesure c\u2019est avant tout un travail d\u2019\u00e9quipe entre la cr\u00e9atrice et la future mari\u00e9e afin d\u2019avoir au final un mod\u00e8le UNIQUE, \u00e0 VOTRE image. Nous allons nous voir souvent (au moins 5 fois\u00a0!) et vous [&hellip;]","og_url":"https:\/\/ateliermagda.fr\/index.php\/a-propos\/","og_site_name":"Atelier Magda","article_modified_time":"2024-05-07T07:39:28+00:00","twitter_card":"summary_large_image","twitter_misc":{"Dur\u00e9e de lecture estim\u00e9e":"2 minutes"},"schema":{"@context":"https:\/\/schema.org","@graph":[{"@type":"WebPage","@id":"https:\/\/ateliermagda.fr\/index.php\/a-propos\/","url":"https:\/\/ateliermagda.fr\/index.php\/a-propos\/","name":"A propos - Atelier Magda","isPartOf":{"@id":"https:\/\/ateliermagda.fr\/#website"},"datePublished":"2024-05-02T09:03:24+00:00","dateModified":"2024-05-07T07:39:28+00:00","breadcrumb":{"@id":"https:\/\/ateliermagda.fr\/index.php\/a-propos\/#breadcrumb"},"inLanguage":"fr-FR","potentialAction":[{"@type":"ReadAction","target":["https:\/\/ateliermagda.fr\/index.php\/a-propos\/"]}]},{"@type":"BreadcrumbList","@id":"https:\/\/ateliermagda.fr\/index.php\/a-propos\/#breadcrumb","itemListElement":[{"@type":"ListItem","position":1,"name":"Accueil","item":"https:\/\/ateliermagda.fr\/"},{"@type":"ListItem","position":2,"name":"A propos"}]},{"@type":"WebSite","@id":"https:\/\/ateliermagda.fr\/#website","url":"https:\/\/ateliermagda.fr\/","name":"Atelier Magda - Cr\u00e9atrice de robes de mari\u00e9es et de soir\u00e9es \u00e0 Vitr\u00e9 en Bretagne","description":"Cr\u00e9atrice de robes de mari\u00e9es et de soir\u00e9es \u2013 Vitr\u00e9 (Bretagne)","publisher":{"@id":"https:\/\/ateliermagda.fr\/#organization"},"potentialAction":[{"@type":"SearchAction","target":{"@type":"EntryPoint","urlTemplate":"https:\/\/ateliermagda.fr\/?s={search_term_string}"},"query-input":"required name=search_term_string"}],"inLanguage":"fr-FR"},{"@type":"Organization","@id":"https:\/\/ateliermagda.fr\/#organization","name":"Atelier Magda","url":"https:\/\/ateliermagda.fr\/","logo":{"@type":"ImageObject","inLanguage":"fr-FR","@id":"https:\/\/ateliermagda.fr\/#\/schema\/logo\/image\/","url":"https:\/\/ateliermagda.fr\/wp-content\/uploads\/2024\/04\/LOGO-MAGDA-100.jpg","contentUrl":"https:\/\/ateliermagda.fr\/wp-content\/uploads\/2024\/04\/LOGO-MAGDA-100.jpg","width":851,"height":851,"caption":"Atelier Magda"},"image":{"@id":"https:\/\/ateliermagda.fr\/#\/schema\/logo\/image\/"},"sameAs":["https:\/\/www.instagram.com\/atelier_magda_vitre\/"]}]}},"_links":{"self":[{"href":"https:\/\/ateliermagda.fr\/index.php\/wp-json\/wp\/v2\/pages\/91","targetHints":{"allow":["GET"]}}],"collection":[{"href":"https:\/\/ateliermagda.fr\/index.php\/wp-json\/wp\/v2\/pages"}],"about":[{"href":"https:\/\/ateliermagda.fr\/index.php\/wp-json\/wp\/v2\/types\/page"}],"author":[{"embeddable":true,"href":"https:\/\/ateliermagda.fr\/index.php\/wp-json\/wp\/v2\/users\/1"}],"replies":[{"embeddable":true,"href":"https:\/\/ateliermagda.fr\/index.php\/wp-json\/wp\/v2\/comments?post=91"}],"version-history":[{"count":8,"href":"https:\/\/ateliermagda.fr\/index.php\/wp-json\/wp\/v2\/pages\/91\/revisions"}],"predecessor-version":[{"id":193,"href":"https:\/\/ateliermagda.fr\/index.php\/wp-json\/wp\/v2\/pages\/91\/revisions\/193"}],"wp:attachment":[{"href":"https:\/\/ateliermagda.fr\/index.php\/wp-json\/wp\/v2\/media?parent=91"}],"curies":[{"name":"wp","href":"https:\/\/api.w.org\/{rel}","templated":true}]}}