{"id":142,"date":"2024-05-02T13:52:17","date_gmt":"2024-05-02T11:52:17","guid":{"rendered":"https:\/\/ateliermagda.fr\/?page_id=142"},"modified":"2025-03-27T14:23:02","modified_gmt":"2025-03-27T13:23:02","slug":"cours-de-couture","status":"publish","type":"page","link":"https:\/\/ateliermagda.fr\/index.php\/cours-de-couture\/","title":{"rendered":"Cours de couture"},"content":{"rendered":"\n<p>En parall\u00e8le de la partie cr\u00e9ation et confection, je partage ma passion et mon savoir faire en vous proposant des stages de couture.<\/p>\n\n\n\n<p>Les cours se passent \u00e0 domicile.<\/p>\n\n\n\n<p>Cours particulier : vous avez un projet et vous souhaitez que je vous accompagne et vous guide ? Communiquez moi votre projet couture ainsi que vos disponibilit\u00e9s afin de fixer un premier rdv.<br>Tarif : 40\u20ac\/h<\/p>\n\n\n\n<p>Cours en petit groupe : vous \u00eates un groupe d\u2019amies, une famille, des coll\u00e8gues .. ? Communiquez moi votre projet couture commun ainsi que vos disponibilit\u00e9s afin de fixer un premier rdv. (groupe limit\u00e9 \u00e0 4 personnes, pour plus de convivialit\u00e9 \ud83d\ude09)<br>Tarif : 20\u20ac\/h<\/p>\n\n\n\n<div style=\"height:75px\" aria-hidden=\"true\" class=\"wp-block-spacer\"><\/div>\n","protected":false},"excerpt":{"rendered":"<p>En parall\u00e8le de la partie cr\u00e9ation et confection, je partage ma passion et mon savoir faire en vous proposant des stages de couture. Les cours se passent \u00e0 domicile. Cours particulier : vous avez un projet et vous souhaitez que je vous accompagne et vous guide ? Communiquez moi votre [&hellip;]<\/p>\n","protected":false},"author":1,"featured_media":0,"parent":0,"menu_order":0,"comment_status":"closed","ping_status":"closed","template":"","meta":{"_themeisle_gutenberg_block_has_review":false,"footnotes":""},"class_list":["post-142","page","type-page","status-publish","hentry"],"yoast_head":"<!-- This site is optimized with the Yoast SEO plugin v22.6 - https:\/\/yoast.com\/wordpress\/plugins\/seo\/ -->\n<title>Cours de couture - Atelier Magda<\/title>\n<meta name=\"robots\" content=\"index, follow, max-snippet:-1, max-image-preview:large, max-video-preview:-1\" \/>\n<link rel=\"canonical\" href=\"https:\/\/ateliermagda.fr\/index.php\/cours-de-couture\/\" \/>\n<meta property=\"og:locale\" content=\"fr_FR\" \/>\n<meta property=\"og:type\" content=\"article\" \/>\n<meta property=\"og:title\" content=\"Cours de couture - Atelier Magda\" \/>\n<meta property=\"og:description\" content=\"En parall\u00e8le de la partie cr\u00e9ation et confection, je partage ma passion et mon savoir faire en vous proposant des stages de couture. Les cours se passent \u00e0 domicile. Cours particulier : vous avez un projet et vous souhaitez que je vous accompagne et vous guide ? Communiquez moi votre [&hellip;]\" \/>\n<meta property=\"og:url\" content=\"https:\/\/ateliermagda.fr\/index.php\/cours-de-couture\/\" \/>\n<meta property=\"og:site_name\" content=\"Atelier Magda\" \/>\n<meta property=\"article:modified_time\" content=\"2025-03-27T13:23:02+00:00\" \/>\n<meta name=\"twitter:card\" content=\"summary_large_image\" \/>\n<meta name=\"twitter:label1\" content=\"Dur\u00e9e de lecture estim\u00e9e\" \/>\n\t<meta name=\"twitter:data1\" content=\"1 minute\" \/>\n<script type=\"application\/ld+json\" class=\"yoast-schema-graph\">{\"@context\":\"https:\/\/schema.org\",\"@graph\":[{\"@type\":\"WebPage\",\"@id\":\"https:\/\/ateliermagda.fr\/index.php\/cours-de-couture\/\",\"url\":\"https:\/\/ateliermagda.fr\/index.php\/cours-de-couture\/\",\"name\":\"Cours de couture - Atelier Magda\",\"isPartOf\":{\"@id\":\"https:\/\/ateliermagda.fr\/#website\"},\"datePublished\":\"2024-05-02T11:52:17+00:00\",\"dateModified\":\"2025-03-27T13:23:02+00:00\",\"breadcrumb\":{\"@id\":\"https:\/\/ateliermagda.fr\/index.php\/cours-de-couture\/#breadcrumb\"},\"inLanguage\":\"fr-FR\",\"potentialAction\":[{\"@type\":\"ReadAction\",\"target\":[\"https:\/\/ateliermagda.fr\/index.php\/cours-de-couture\/\"]}]},{\"@type\":\"BreadcrumbList\",\"@id\":\"https:\/\/ateliermagda.fr\/index.php\/cours-de-couture\/#breadcrumb\",\"itemListElement\":[{\"@type\":\"ListItem\",\"position\":1,\"name\":\"Accueil\",\"item\":\"https:\/\/ateliermagda.fr\/\"},{\"@type\":\"ListItem\",\"position\":2,\"name\":\"Cours de couture\"}]},{\"@type\":\"WebSite\",\"@id\":\"https:\/\/ateliermagda.fr\/#website\",\"url\":\"https:\/\/ateliermagda.fr\/\",\"name\":\"Atelier Magda - Cr\u00e9atrice de robes de mari\u00e9es et de soir\u00e9es \u00e0 Vitr\u00e9 en Bretagne\",\"description\":\"Cr\u00e9atrice de robes de mari\u00e9es et de soir\u00e9es \u2013 Vitr\u00e9 (Bretagne)\",\"publisher\":{\"@id\":\"https:\/\/ateliermagda.fr\/#organization\"},\"potentialAction\":[{\"@type\":\"SearchAction\",\"target\":{\"@type\":\"EntryPoint\",\"urlTemplate\":\"https:\/\/ateliermagda.fr\/?s={search_term_string}\"},\"query-input\":\"required name=search_term_string\"}],\"inLanguage\":\"fr-FR\"},{\"@type\":\"Organization\",\"@id\":\"https:\/\/ateliermagda.fr\/#organization\",\"name\":\"Atelier Magda\",\"url\":\"https:\/\/ateliermagda.fr\/\",\"logo\":{\"@type\":\"ImageObject\",\"inLanguage\":\"fr-FR\",\"@id\":\"https:\/\/ateliermagda.fr\/#\/schema\/logo\/image\/\",\"url\":\"https:\/\/ateliermagda.fr\/wp-content\/uploads\/2024\/04\/LOGO-MAGDA-100.jpg\",\"contentUrl\":\"https:\/\/ateliermagda.fr\/wp-content\/uploads\/2024\/04\/LOGO-MAGDA-100.jpg\",\"width\":851,\"height\":851,\"caption\":\"Atelier Magda\"},\"image\":{\"@id\":\"https:\/\/ateliermagda.fr\/#\/schema\/logo\/image\/\"},\"sameAs\":[\"https:\/\/www.instagram.com\/atelier_magda_vitre\/\"]}]}<\/script>\n<!-- \/ Yoast SEO plugin. -->","yoast_head_json":{"title":"Cours de couture - Atelier Magda","robots":{"index":"index","follow":"follow","max-snippet":"max-snippet:-1","max-image-preview":"max-image-preview:large","max-video-preview":"max-video-preview:-1"},"canonical":"https:\/\/ateliermagda.fr\/index.php\/cours-de-couture\/","og_locale":"fr_FR","og_type":"article","og_title":"Cours de couture - Atelier Magda","og_description":"En parall\u00e8le de la partie cr\u00e9ation et confection, je partage ma passion et mon savoir faire en vous proposant des stages de couture. Les cours se passent \u00e0 domicile. Cours particulier : vous avez un projet et vous souhaitez que je vous accompagne et vous guide ? Communiquez moi votre [&hellip;]","og_url":"https:\/\/ateliermagda.fr\/index.php\/cours-de-couture\/","og_site_name":"Atelier Magda","article_modified_time":"2025-03-27T13:23:02+00:00","twitter_card":"summary_large_image","twitter_misc":{"Dur\u00e9e de lecture estim\u00e9e":"1 minute"},"schema":{"@context":"https:\/\/schema.org","@graph":[{"@type":"WebPage","@id":"https:\/\/ateliermagda.fr\/index.php\/cours-de-couture\/","url":"https:\/\/ateliermagda.fr\/index.php\/cours-de-couture\/","name":"Cours de couture - Atelier Magda","isPartOf":{"@id":"https:\/\/ateliermagda.fr\/#website"},"datePublished":"2024-05-02T11:52:17+00:00","dateModified":"2025-03-27T13:23:02+00:00","breadcrumb":{"@id":"https:\/\/ateliermagda.fr\/index.php\/cours-de-couture\/#breadcrumb"},"inLanguage":"fr-FR","potentialAction":[{"@type":"ReadAction","target":["https:\/\/ateliermagda.fr\/index.php\/cours-de-couture\/"]}]},{"@type":"BreadcrumbList","@id":"https:\/\/ateliermagda.fr\/index.php\/cours-de-couture\/#breadcrumb","itemListElement":[{"@type":"ListItem","position":1,"name":"Accueil","item":"https:\/\/ateliermagda.fr\/"},{"@type":"ListItem","position":2,"name":"Cours de couture"}]},{"@type":"WebSite","@id":"https:\/\/ateliermagda.fr\/#website","url":"https:\/\/ateliermagda.fr\/","name":"Atelier Magda - Cr\u00e9atrice de robes de mari\u00e9es et de soir\u00e9es \u00e0 Vitr\u00e9 en Bretagne","description":"Cr\u00e9atrice de robes de mari\u00e9es et de soir\u00e9es \u2013 Vitr\u00e9 (Bretagne)","publisher":{"@id":"https:\/\/ateliermagda.fr\/#organization"},"potentialAction":[{"@type":"SearchAction","target":{"@type":"EntryPoint","urlTemplate":"https:\/\/ateliermagda.fr\/?s={search_term_string}"},"query-input":"required name=search_term_string"}],"inLanguage":"fr-FR"},{"@type":"Organization","@id":"https:\/\/ateliermagda.fr\/#organization","name":"Atelier Magda","url":"https:\/\/ateliermagda.fr\/","logo":{"@type":"ImageObject","inLanguage":"fr-FR","@id":"https:\/\/ateliermagda.fr\/#\/schema\/logo\/image\/","url":"https:\/\/ateliermagda.fr\/wp-content\/uploads\/2024\/04\/LOGO-MAGDA-100.jpg","contentUrl":"https:\/\/ateliermagda.fr\/wp-content\/uploads\/2024\/04\/LOGO-MAGDA-100.jpg","width":851,"height":851,"caption":"Atelier Magda"},"image":{"@id":"https:\/\/ateliermagda.fr\/#\/schema\/logo\/image\/"},"sameAs":["https:\/\/www.instagram.com\/atelier_magda_vitre\/"]}]}},"_links":{"self":[{"href":"https:\/\/ateliermagda.fr\/index.php\/wp-json\/wp\/v2\/pages\/142","targetHints":{"allow":["GET"]}}],"collection":[{"href":"https:\/\/ateliermagda.fr\/index.php\/wp-json\/wp\/v2\/pages"}],"about":[{"href":"https:\/\/ateliermagda.fr\/index.php\/wp-json\/wp\/v2\/types\/page"}],"author":[{"embeddable":true,"href":"https:\/\/ateliermagda.fr\/index.php\/wp-json\/wp\/v2\/users\/1"}],"replies":[{"embeddable":true,"href":"https:\/\/ateliermagda.fr\/index.php\/wp-json\/wp\/v2\/comments?post=142"}],"version-history":[{"count":3,"href":"https:\/\/ateliermagda.fr\/index.php\/wp-json\/wp\/v2\/pages\/142\/revisions"}],"predecessor-version":[{"id":257,"href":"https:\/\/ateliermagda.fr\/index.php\/wp-json\/wp\/v2\/pages\/142\/revisions\/257"}],"wp:attachment":[{"href":"https:\/\/ateliermagda.fr\/index.php\/wp-json\/wp\/v2\/media?parent=142"}],"curies":[{"name":"wp","href":"https:\/\/api.w.org\/{rel}","templated":true}]}}